{"id":1103,"date":"2025-03-30T12:49:16","date_gmt":"2025-03-30T12:49:16","guid":{"rendered":"https:\/\/noblesse-de-coeur.fr\/?page_id=1103"},"modified":"2025-12-30T17:34:10","modified_gmt":"2025-12-30T17:34:10","slug":"experiences","status":"publish","type":"page","link":"https:\/\/noblesse-de-coeur.fr\/en\/experiences\/","title":{"rendered":"Service \u2013 Exp\u00e9riences"},"content":{"rendered":"<div class=\"wp-block-cover alignfull has-parallax wp-duotone-dark-grayscale\" style=\"padding-top:2%;min-height:30rem;aspect-ratio:unset;\"><div class=\"wp-block-cover__image-background wp-image-1342 size-full has-parallax\" style=\"background-position:50% 50%;background-image:url(https:\/\/noblesse-de-coeur.fr\/wp-content\/uploads\/2025\/12\/SHOOTING-WESTERN-WEDDING-Ardisson-Fanny-2-2-4-scaled.avif)\"><\/div><span aria-hidden=\"true\" class=\"wp-block-cover__background has-background-dim-0 has-background-dim\" style=\"background-color:#928f66\"><\/span><div class=\"wp-block-cover__inner-container has-global-padding is-layout-constrained wp-container-core-cover-is-layout-ee51f2d2 wp-block-cover-is-layout-constrained\">\n<div class=\"wp-block-group alignwide is-vertical is-content-justification-center is-layout-flex wp-container-core-group-is-layout-b6c1f246 wp-block-group-is-layout-flex\" style=\"min-height:8rem\">\n<div class=\"wp-block-group has-global-padding is-layout-constrained wp-container-core-group-is-layout-bea02a06 wp-block-group-is-layout-constrained\">\n<h1 class=\"wp-block-heading has-text-align-center has-custom-beige-color has-text-color has-cinzel-font-family\" style=\"margin-top:0rem;margin-bottom:1.01rem;font-size:clamp(2.071rem, 2.071rem + ((1vw - 0.2rem) * 2.98), 3.71rem);font-style:normal;font-weight:400;line-height:1\">EXP\u00c9RIENCES<\/h1>\n<\/div>\n<\/div>\n<\/div><\/div>\n\n\n\n<section class=\"wp-block-group alignfull has-text-color has-global-padding is-layout-constrained wp-container-core-group-is-layout-e495377d wp-block-group-is-layout-constrained\" style=\"color:#03081e;margin-top:0px;padding-top:3rem;padding-right:var(--wp--preset--spacing--40);padding-bottom:var(--wp--preset--spacing--40);padding-left:var(--wp--preset--spacing--40);font-size:clamp(0.875rem, 0.875rem + ((1vw - 0.2rem) * 0.464), 1.13rem);font-style:normal;font-weight:400;line-height:1.4\">\n<section class=\"wp-block-group alignfull has-text-color has-global-padding is-layout-constrained wp-container-core-group-is-layout-d8d36915 wp-block-group-is-layout-constrained\" style=\"color:#03081e;margin-top:0px;padding-top:3rem;padding-right:var(--wp--preset--spacing--40);padding-bottom:3rem;padding-left:var(--wp--preset--spacing--40);font-size:clamp(0.875rem, 0.875rem + ((1vw - 0.2rem) * 0.464), 1.13rem);font-style:normal;font-weight:400;line-height:1.4\">\n<div class=\"wp-block-columns is-layout-flex wp-container-core-columns-is-layout-db2df21c wp-block-columns-is-layout-flex\" style=\"margin-bottom:0px\">\n<div class=\"wp-block-column has-global-padding is-content-justification-left is-layout-constrained wp-container-core-column-is-layout-12dd3699 wp-block-column-is-layout-constrained\" style=\"flex-basis:50%\">\n<figure class=\"wp-block-image aligncenter size-large is-resized is-style-default wp-duotone-unset-1\"><img decoding=\"async\" width=\"683\" height=\"1024\" sizes=\"(max-width: 325px) 100vw, 325px\" src=\"https:\/\/noblesse-de-coeur.fr\/wp-content\/uploads\/2025\/07\/image-libre-de-droit-mariage-2-683x1024.avif\" alt=\"\" class=\"wp-image-1163\" style=\"object-fit:cover;width:500px;height:600px\" srcset=\"https:\/\/noblesse-de-coeur.fr\/wp-content\/uploads\/2025\/07\/image-libre-de-droit-mariage-2-683x1024.avif 683w, https:\/\/noblesse-de-coeur.fr\/wp-content\/uploads\/2025\/07\/image-libre-de-droit-mariage-2-200x300.avif 200w, https:\/\/noblesse-de-coeur.fr\/wp-content\/uploads\/2025\/07\/image-libre-de-droit-mariage-2-768x1152.avif 768w, https:\/\/noblesse-de-coeur.fr\/wp-content\/uploads\/2025\/07\/image-libre-de-droit-mariage-2-1024x1536.avif 1024w, https:\/\/noblesse-de-coeur.fr\/wp-content\/uploads\/2025\/07\/image-libre-de-droit-mariage-2-1365x2048.avif 1365w, https:\/\/noblesse-de-coeur.fr\/wp-content\/uploads\/2025\/07\/image-libre-de-droit-mariage-2-8x12.avif 8w, https:\/\/noblesse-de-coeur.fr\/wp-content\/uploads\/2025\/07\/image-libre-de-droit-mariage-2-scaled.avif 1707w\" \/><\/figure>\n<\/div>\n\n\n\n<div class=\"wp-block-column is-layout-flow wp-block-column-is-layout-flow\">\n<div class=\"wp-block-group is-vertical is-content-justification-left is-layout-flex wp-container-core-group-is-layout-c5d44cae wp-block-group-is-layout-flex\" style=\"min-height:100%\">\n<div class=\"wp-block-group has-global-padding is-content-justification-center is-layout-constrained wp-container-core-group-is-layout-b15c80d6 wp-block-group-is-layout-constrained\">\n<h3 class=\"wp-block-heading has-text-align-left has-custom-rouge-color has-text-color has-prata-regular-font-family\" style=\"margin-top:0.5rem;margin-bottom:1.01rem;font-size:clamp(1.044rem, 1.044rem + ((1vw - 0.2rem) * 1.029), 1.61rem);font-style:normal;font-weight:400;letter-spacing:0px;line-height:1.3\">Exp\u00e9riences &amp; \u00e9v\u00e9nements immersifs<\/h3>\n\n\n\n<p class=\"has-text-align-left has-text-color has-work-sans-regular-font-family\" style=\"color:#03081e;margin-top:0rem;font-size:14px;font-style:normal;font-weight:400;line-height:1.6\"><strong>Le mariage est aussi une aventure int\u00e9rieure<\/strong>. L&rsquo;agence <em>Noblesse de C\u0153ur<\/em> cr\u00e9e des exp\u00e9riences pour les amoureux, les spirituels, les sensibles : des parenth\u00e8ses enchant\u00e9es qui nourrissent l\u2019\u00e2me et l\u2019amour.<\/p>\n<\/div>\n\n\n\n<p><\/p>\n\n\n\n<div class=\"wp-block-group has-global-padding is-content-justification-center is-layout-constrained wp-container-core-group-is-layout-b15c80d6 wp-block-group-is-layout-constrained\">\n<p class=\"has-text-align-left has-work-sans-regular-font-family\" style=\"margin-top:0rem;font-size:14px;font-style:normal;font-weight:400;line-height:1.6\"><strong><em>LOVE RETREATS<\/em><\/strong>\u2122<br>Des retraites amoureuses, pour se retrouver, se dire et se c\u00e9l\u00e9brer, loin du bruit et proches de l\u2019essentiel. <mark style=\"background-color:rgba(0, 0, 0, 0)\" class=\"has-inline-color has-custom-rouge-color\">Rendez-vous en juillet 2026.<\/mark><\/p>\n\n\n\n<p style=\"font-size:14px\"><strong><em>FEELING<\/em><\/strong>\u2122<br>Un salon immersif d\u00e9di\u00e9 aux futurs mari\u00e9s, o\u00f9 l\u2019on ressent avant de choisir, o\u00f9 l\u2019on d\u00e9couvre, o\u00f9 l\u2019on r\u00eave. <em>Feeling yourself, follow your vibes.<\/em>\u2122<\/p>\n\n\n\n<p><\/p>\n\n\n\n<p class=\"has-text-align-left has-text-color has-work-sans-regular-font-family\" style=\"color:#03081e;margin-top:0rem;font-size:14px;font-style:normal;font-weight:400;line-height:1.6\"><strong style=\"font-style: italic;\">L<\/strong><em><strong>E BAL D&rsquo;HIVER<\/strong><\/em>\u2122<br>L\u2019\u00e9v\u00e9nement signature, une f\u00eate inspir\u00e9e de l\u2019\u00e9l\u00e9gance d\u2019antan&#8230; pour les amoureux du beau et du vrai. <mark style=\"background-color:rgba(0, 0, 0, 0)\" class=\"has-inline-color has-custom-rouge-color\">Premi\u00e8re \u00e9dition \u00e0 venir en d\u00e9cembre 2026.<\/mark><br><\/p>\n<\/div>\n<\/div>\n<\/div>\n<\/div>\n<\/section>\n<\/section>\n\n\n\n<section class=\"wp-block-cover alignfull is-light wp-duotone-dark-grayscale\" style=\"margin-top:0px;padding-top:1rem;padding-bottom:1rem;min-height:467px;aspect-ratio:unset;\"><img decoding=\"async\" width=\"1707\" height=\"2560\" sizes=\"100vw\" class=\"wp-block-cover__image-background wp-image-531\" alt=\"\" src=\"https:\/\/noblesse-de-coeur.fr\/wp-content\/uploads\/2024\/07\/408A7268-scaled.jpg\" style=\"object-position:69% 34%\" data-object-fit=\"cover\" data-object-position=\"69% 34%\" srcset=\"https:\/\/noblesse-de-coeur.fr\/wp-content\/uploads\/2024\/07\/408A7268-scaled.jpg 1707w, https:\/\/noblesse-de-coeur.fr\/wp-content\/uploads\/2024\/07\/408A7268-200x300.jpg 200w, https:\/\/noblesse-de-coeur.fr\/wp-content\/uploads\/2024\/07\/408A7268-683x1024.jpg 683w, https:\/\/noblesse-de-coeur.fr\/wp-content\/uploads\/2024\/07\/408A7268-768x1152.jpg 768w\" \/><span aria-hidden=\"true\" class=\"wp-block-cover__background has-background-dim-0 has-background-dim\" style=\"background-color:#edf1f2\"><\/span><div class=\"wp-block-cover__inner-container has-global-padding is-layout-constrained wp-container-core-cover-is-layout-332eb0f3 wp-block-cover-is-layout-constrained\">\n<div class=\"wp-block-group has-text-color is-layout-flow wp-block-group-is-layout-flow\" style=\"color:#fffffd;margin-top:0px;padding-top:0rem;padding-right:1rem;padding-bottom:0rem;padding-left:1rem;font-size:clamp(0.875rem, 0.875rem + ((1vw - 0.2rem) * 0.464), 1.13rem);font-style:normal;font-weight:400;line-height:1.4\">\n<div class=\"wp-block-group has-global-padding is-layout-constrained wp-container-core-group-is-layout-92ef7b19 wp-block-group-is-layout-constrained\">\n<h3 class=\"wp-block-heading has-text-align-center has-text-color\" style=\"color:#fffffd;margin-bottom:0rem;font-size:clamp(1.79rem, 1.79rem + ((1vw - 0.2rem) * 2.382), 3.1rem);font-style:normal;font-weight:400;line-height:1.2\">Vous recherchez une professionnelle de confiance dans l&rsquo;\u00e9v\u00e9nementiel ?<\/h3>\n<\/div>\n\n\n\n<div class=\"wp-block-group is-vertical is-content-justification-stretch is-nowrap is-layout-flex wp-container-core-group-is-layout-91171fc4 wp-block-group-is-layout-flex\" style=\"margin-top:1.51rem;padding-right:0px;padding-left:0px\">\n<div class=\"wp-block-buttons is-content-justification-center is-layout-flex wp-container-core-buttons-is-layout-a89b3969 wp-block-buttons-is-layout-flex\">\n<div class=\"wp-block-button is-style-fill\"><a class=\"wp-block-button__link has-custom-beige-color has-custom-noir-background-color has-text-color has-background has-work-sans-regular-font-family has-custom-font-size wp-element-button\" href=\"mailto:megan@noblesse-de-coeur.fr\" style=\"border-style:none;border-width:0px;border-radius:2.5rem;padding-top:1.1rem;padding-right:0.81rem;padding-bottom:1.1rem;padding-left:0.81rem;font-size:clamp(0.875rem, 0.875rem + ((1vw - 0.2rem) * 0.609), 1.21rem);font-style:normal;font-weight:400;line-height:1;text-transform:capitalize\">GET IN TOUCH<\/a><\/div>\n<\/div>\n<\/div>\n<\/div>\n<\/div><\/section>","protected":false},"excerpt":{"rendered":"<p>Exp\u00e9riences &amp; \u00e9v\u00e9nements immersifs Le mariage est aussi une aventure int\u00e9rieure. L&rsquo;agence Noblesse de C\u0153ur cr\u00e9e des exp\u00e9riences pour les amoureux, les spirituels, les sensibles : des parenth\u00e8ses enchant\u00e9es qui nourrissent l\u2019\u00e2me et l\u2019amour. LOVE RETREATS\u2122Des retraites amoureuses, pour se retrouver, se dire et se c\u00e9l\u00e9brer, loin du bruit et proches de l\u2019essentiel. Rendez-vous en [&hellip;]<\/p>\n","protected":false},"author":1,"featured_media":0,"parent":0,"menu_order":0,"comment_status":"closed","ping_status":"closed","template":"","meta":{"footnotes":""},"class_list":["post-1103","page","type-page","status-publish","hentry"],"_links":{"self":[{"href":"https:\/\/noblesse-de-coeur.fr\/en\/wp-json\/wp\/v2\/pages\/1103","targetHints":{"allow":["GET"]}}],"collection":[{"href":"https:\/\/noblesse-de-coeur.fr\/en\/wp-json\/wp\/v2\/pages"}],"about":[{"href":"https:\/\/noblesse-de-coeur.fr\/en\/wp-json\/wp\/v2\/types\/page"}],"author":[{"embeddable":true,"href":"https:\/\/noblesse-de-coeur.fr\/en\/wp-json\/wp\/v2\/users\/1"}],"replies":[{"embeddable":true,"href":"https:\/\/noblesse-de-coeur.fr\/en\/wp-json\/wp\/v2\/comments?post=1103"}],"version-history":[{"count":20,"href":"https:\/\/noblesse-de-coeur.fr\/en\/wp-json\/wp\/v2\/pages\/1103\/revisions"}],"predecessor-version":[{"id":1433,"href":"https:\/\/noblesse-de-coeur.fr\/en\/wp-json\/wp\/v2\/pages\/1103\/revisions\/1433"}],"wp:attachment":[{"href":"https:\/\/noblesse-de-coeur.fr\/en\/wp-json\/wp\/v2\/media?parent=1103"}],"curies":[{"name":"wp","href":"https:\/\/api.w.org\/{rel}","templated":true}]}}